{"id":26,"date":"2025-05-14T08:50:33","date_gmt":"2025-05-14T08:50:33","guid":{"rendered":"https:\/\/site.luthieretcompagnie.com\/?page_id=26"},"modified":"2025-05-15T06:35:25","modified_gmt":"2025-05-15T06:35:25","slug":"accueil","status":"publish","type":"page","link":"https:\/\/site.luthieretcompagnie.com\/","title":{"rendered":"Accueil"},"content":{"rendered":"\t\t<div data-elementor-type=\"wp-page\" data-elementor-id=\"26\" class=\"elementor elementor-26\">\n\t\t\t\t<div class=\"elementor-element elementor-element-a975cda e-con-full e-flex e-con e-parent\" data-id=\"a975cda\" data-element_type=\"container\" data-settings=\"{&quot;background_background&quot;:&quot;classic&quot;}\">\n\t\t<div class=\"elementor-element elementor-element-a865b38 e-flex e-con-boxed e-con e-child\" data-id=\"a865b38\" data-element_type=\"container\">\n\t\t\t\t\t<div class=\"e-con-inner\">\n\t\t\t\t\t<\/div>\n\t\t\t\t<\/div>\n\t\t\t\t<\/div>\n\t\t<div class=\"elementor-element elementor-element-fccc53d e-flex e-con-boxed e-con e-parent\" data-id=\"fccc53d\" data-element_type=\"container\" data-settings=\"{&quot;background_background&quot;:&quot;classic&quot;}\">\n\t\t\t\t\t<div class=\"e-con-inner\">\n\t\t\t\t<div class=\"elementor-element elementor-element-058f29f elementor-widget elementor-widget-heading\" data-id=\"058f29f\" data-element_type=\"widget\" data-widget_type=\"heading.default\">\n\t\t\t\t<div class=\"elementor-widget-container\">\n\t\t\t\t\t<h2 class=\"elementor-heading-title elementor-size-default\">St\u00e9phane Taveau : Ma\u00eetre Luthier au Mans un parcours d\u2019excellence<\/h2>\t\t\t\t<\/div>\n\t\t\t\t<\/div>\n\t\t<div class=\"elementor-element elementor-element-c5d8982 e-grid e-con-full e-con e-child\" data-id=\"c5d8982\" data-element_type=\"container\" data-settings=\"{&quot;background_background&quot;:&quot;classic&quot;}\">\n\t\t\t\t<div class=\"elementor-element elementor-element-23b0ef5 animated-slow elementor-invisible elementor-widget elementor-widget-image\" data-id=\"23b0ef5\" data-element_type=\"widget\" data-settings=\"{&quot;_animation&quot;:&quot;fadeIn&quot;}\" data-widget_type=\"image.default\">\n\t\t\t\t<div class=\"elementor-widget-container\">\n\t\t\t\t\t\t\t\t\t\t\t\t\t\t\t<img decoding=\"async\" src=\"https:\/\/site.luthieretcompagnie.com\/wp-content\/uploads\/elementor\/thumbs\/stephane-taveau-r5skad1ys9wbdkuiux6zbxt15rq0bz7aqpyrk7ipv4.jpg\" title=\"stephane-taveau\" alt=\"stephane-taveau\" loading=\"lazy\" \/>\t\t\t\t\t\t\t\t\t\t\t\t\t\t\t<\/div>\n\t\t\t\t<\/div>\n\t\t\t\t<div class=\"elementor-element elementor-element-4a22fb4 elementor-invisible elementor-widget elementor-widget-text-editor\" data-id=\"4a22fb4\" data-element_type=\"widget\" data-settings=\"{&quot;_animation&quot;:&quot;fadeIn&quot;}\" data-widget_type=\"text-editor.default\">\n\t\t\t\t<div class=\"elementor-widget-container\">\n\t\t\t\t\t\t\t\t\t<p><span style=\"font-size: 16px;\">N\u00e9 \u00e0 Saumur en 1973, <\/span><strong style=\"font-size: 16px;\">St\u00e9phane Taveau<\/strong><span style=\"font-size: 16px;\"> d\u00e9couvre sa passion pour la lutherie d\u00e8s l&rsquo;\u00e2ge de 17 ans, en fabriquant son premier violon aux c\u00f4t\u00e9s de Bernard Camurat en Seine-et-Marne. Il poursuit son apprentissage \u00e0 l\u2019atelier <\/span><strong style=\"font-size: 16px;\">Camurat Fr\u00e8res \u00e0 Paris<\/strong><span style=\"font-size: 16px;\">, o\u00f9 il approfondit sa connaissance des instruments italiens de la p\u00e9riode classique.<\/span><\/p>\n<p>En 1995, il enrichit son expertise en Cor\u00e9e du Sud, travaillant dans un grand atelier de restauration r\u00e9put\u00e9. Deux ans plus tard, il s\u2019installe <strong>au Mans,<\/strong> reprenant l\u2019atelier Ravatin et affirmant son savoir-faire.<\/p>\n<p>C\u2019est en 2011 que <strong>St\u00e9phane Taveau fonde \u00ab\u00a0Luthier &amp; Compagnie\u00a0\u00bb<\/strong>, \u00e9tendant son activit\u00e9 avec l\u2019ouverture d\u2019un <strong>atelier \u00e0 Tours<\/strong> (Indre-et-Loire), afin d\u2019accompagner les musiciens dans la fabrication et l\u2019entretien d\u2019instruments du quatuor \u00e0 cordes.<\/p>\n<p>Aujourd\u2019hui, il se consacre enti\u00e8rement \u00e0 la conception de <strong>violons, altos, violoncelles et contrebasses<\/strong>, ainsi qu\u2019\u00e0 l\u2019optimisation de leur sonorit\u00e9. Son travail est enrichi par des \u00e9changes avec la communaut\u00e9 internationale de la lutherie et une collaboration \u00e9troite avec des musiciens professionnels.<\/p>\n<p>Reconnu pour l\u2019excellence de ses instruments, tant sur le plan esth\u00e9tique qu\u2019acoustique, <strong>St\u00e9phane Taveau<\/strong> participe activement \u00e0 des <strong>salons et expositions<\/strong> d\u00e9di\u00e9s \u00e0 la lutherie, partageant son expertise et sa passion.<\/p>\n<p><!--EndFragment --><\/p>\t\t\t\t\t\t\t\t<\/div>\n\t\t\t\t<\/div>\n\t\t\t\t<\/div>\n\t\t\t\t\t<\/div>\n\t\t\t\t<\/div>\n\t\t\t\t<\/div>\n\t\t","protected":false},"excerpt":{"rendered":"<p>St\u00e9phane Taveau : Ma\u00eetre Luthier au Mans un parcours d\u2019excellence N\u00e9 \u00e0 Saumur en 1973, St\u00e9phane Taveau d\u00e9couvre sa passion [&hellip;]<\/p>\n","protected":false},"author":1,"featured_media":0,"parent":0,"menu_order":0,"comment_status":"closed","ping_status":"closed","template":"","meta":{"_uag_custom_page_level_css":"","site-sidebar-layout":"no-sidebar","site-content-layout":"","ast-site-content-layout":"full-width-container","site-content-style":"default","site-sidebar-style":"default","ast-global-header-display":"","ast-banner-title-visibility":"","ast-main-header-display":"","ast-hfb-above-header-display":"","ast-hfb-below-header-display":"","ast-hfb-mobile-header-display":"","site-post-title":"disabled","ast-breadcrumbs-content":"","ast-featured-img":"disabled","footer-sml-layout":"","theme-transparent-header-meta":"enabled","adv-header-id-meta":"","stick-header-meta":"","header-above-stick-meta":"","header-main-stick-meta":"","header-below-stick-meta":"","astra-migrate-meta-layouts":"default","ast-page-background-enabled":"default","ast-page-background-meta":{"desktop":{"background-color":"var(--ast-global-color-5)","background-image":"","background-repeat":"repeat","background-position":"center center","background-size":"auto","background-attachment":"scroll","background-type":"","background-media":"","overlay-type":"","overlay-color":"","overlay-opacity":"","overlay-gradient":""},"tablet":{"background-color":"","background-image":"","background-repeat":"repeat","background-position":"center center","background-size":"auto","background-attachment":"scroll","background-type":"","background-media":"","overlay-type":"","overlay-color":"","overlay-opacity":"","overlay-gradient":""},"mobile":{"background-color":"","background-image":"","background-repeat":"repeat","background-position":"center center","background-size":"auto","background-attachment":"scroll","background-type":"","background-media":"","overlay-type":"","overlay-color":"","overlay-opacity":"","overlay-gradient":""}},"ast-content-background-meta":{"desktop":{"background-color":"var(--ast-global-color-4)","background-image":"","background-repeat":"repeat","background-position":"center center","background-size":"auto","background-attachment":"scroll","background-type":"","background-media":"","overlay-type":"","overlay-color":"","overlay-opacity":"","overlay-gradient":""},"tablet":{"background-color":"var(--ast-global-color-4)","background-image":"","background-repeat":"repeat","background-position":"center center","background-size":"auto","background-attachment":"scroll","background-type":"","background-media":"","overlay-type":"","overlay-color":"","overlay-opacity":"","overlay-gradient":""},"mobile":{"background-color":"var(--ast-global-color-4)","background-image":"","background-repeat":"repeat","background-position":"center center","background-size":"auto","background-attachment":"scroll","background-type":"","background-media":"","overlay-type":"","overlay-color":"","overlay-opacity":"","overlay-gradient":""}},"footnotes":""},"class_list":["post-26","page","type-page","status-publish","hentry"],"yoast_head":"<!-- This site is optimized with the Yoast SEO plugin v25.1 - https:\/\/yoast.com\/wordpress\/plugins\/seo\/ -->\n<title>Accueil - Luthier et Compagnie<\/title>\n<meta name=\"robots\" content=\"noindex, follow, max-snippet:-1, max-image-preview:large, max-video-preview:-1\" \/>\n<meta property=\"og:locale\" content=\"fr_FR\" \/>\n<meta property=\"og:type\" content=\"article\" \/>\n<meta property=\"og:title\" content=\"Accueil - Luthier et Compagnie\" \/>\n<meta property=\"og:description\" content=\"St\u00e9phane Taveau : Ma\u00eetre Luthier au Mans un parcours d\u2019excellence N\u00e9 \u00e0 Saumur en 1973, St\u00e9phane Taveau d\u00e9couvre sa passion [&hellip;]\" \/>\n<meta property=\"og:url\" content=\"https:\/\/site.luthieretcompagnie.com\/\" \/>\n<meta property=\"og:site_name\" content=\"Luthier et Compagnie\" \/>\n<meta property=\"article:modified_time\" content=\"2025-05-15T06:35:25+00:00\" \/>\n<meta property=\"og:image\" content=\"https:\/\/site.luthieretcompagnie.com\/wp-content\/uploads\/elementor\/thumbs\/stephane-taveau-r5skad1ys9wbdkuiux6zbxt15rq0bz7aqpyrk7ipv4.jpg\" \/>\n<meta name=\"twitter:card\" content=\"summary_large_image\" \/>\n<meta name=\"twitter:label1\" content=\"Dur\u00e9e de lecture estim\u00e9e\" \/>\n\t<meta name=\"twitter:data1\" content=\"2 minutes\" \/>\n<script type=\"application\/ld+json\" class=\"yoast-schema-graph\">{\"@context\":\"https:\/\/schema.org\",\"@graph\":[{\"@type\":\"WebPage\",\"@id\":\"https:\/\/site.luthieretcompagnie.com\/\",\"url\":\"https:\/\/site.luthieretcompagnie.com\/\",\"name\":\"Accueil - Luthier et Compagnie\",\"isPartOf\":{\"@id\":\"https:\/\/site.luthieretcompagnie.com\/#website\"},\"primaryImageOfPage\":{\"@id\":\"https:\/\/site.luthieretcompagnie.com\/#primaryimage\"},\"image\":{\"@id\":\"https:\/\/site.luthieretcompagnie.com\/#primaryimage\"},\"thumbnailUrl\":\"https:\/\/site.luthieretcompagnie.com\/wp-content\/uploads\/elementor\/thumbs\/stephane-taveau-r5skad1ys9wbdkuiux6zbxt15rq0bz7aqpyrk7ipv4.jpg\",\"datePublished\":\"2025-05-14T08:50:33+00:00\",\"dateModified\":\"2025-05-15T06:35:25+00:00\",\"breadcrumb\":{\"@id\":\"https:\/\/site.luthieretcompagnie.com\/#breadcrumb\"},\"inLanguage\":\"fr-FR\",\"potentialAction\":[{\"@type\":\"ReadAction\",\"target\":[\"https:\/\/site.luthieretcompagnie.com\/\"]}]},{\"@type\":\"ImageObject\",\"inLanguage\":\"fr-FR\",\"@id\":\"https:\/\/site.luthieretcompagnie.com\/#primaryimage\",\"url\":\"https:\/\/site.luthieretcompagnie.com\/wp-content\/uploads\/elementor\/thumbs\/stephane-taveau-r5skad1ys9wbdkuiux6zbxt15rq0bz7aqpyrk7ipv4.jpg\",\"contentUrl\":\"https:\/\/site.luthieretcompagnie.com\/wp-content\/uploads\/elementor\/thumbs\/stephane-taveau-r5skad1ys9wbdkuiux6zbxt15rq0bz7aqpyrk7ipv4.jpg\"},{\"@type\":\"BreadcrumbList\",\"@id\":\"https:\/\/site.luthieretcompagnie.com\/#breadcrumb\",\"itemListElement\":[{\"@type\":\"ListItem\",\"position\":1,\"name\":\"Accueil\",\"item\":\"https:\/\/site.luthieretcompagnie.com\/\"},{\"@type\":\"ListItem\",\"position\":2,\"name\":\"Accueil\"}]},{\"@type\":\"WebSite\",\"@id\":\"https:\/\/site.luthieretcompagnie.com\/#website\",\"url\":\"https:\/\/site.luthieretcompagnie.com\/\",\"name\":\"Luthier et Compagnie\",\"description\":\"Luthier et compagnie - Le Mans - instruments du quatuor \u00e0 cordes - Arch\u00e8terie\",\"publisher\":{\"@id\":\"https:\/\/site.luthieretcompagnie.com\/#organization\"},\"potentialAction\":[{\"@type\":\"SearchAction\",\"target\":{\"@type\":\"EntryPoint\",\"urlTemplate\":\"https:\/\/site.luthieretcompagnie.com\/?s={search_term_string}\"},\"query-input\":{\"@type\":\"PropertyValueSpecification\",\"valueRequired\":true,\"valueName\":\"search_term_string\"}}],\"inLanguage\":\"fr-FR\"},{\"@type\":\"Organization\",\"@id\":\"https:\/\/site.luthieretcompagnie.com\/#organization\",\"name\":\"Luthier et Compagnie\",\"url\":\"https:\/\/site.luthieretcompagnie.com\/\",\"logo\":{\"@type\":\"ImageObject\",\"inLanguage\":\"fr-FR\",\"@id\":\"https:\/\/site.luthieretcompagnie.com\/#\/schema\/logo\/image\/\",\"url\":\"https:\/\/site.luthieretcompagnie.com\/wp-content\/uploads\/2025\/05\/logo-luthieretcompagnie.gif\",\"contentUrl\":\"https:\/\/site.luthieretcompagnie.com\/wp-content\/uploads\/2025\/05\/logo-luthieretcompagnie.gif\",\"width\":639,\"height\":192,\"caption\":\"Luthier et Compagnie\"},\"image\":{\"@id\":\"https:\/\/site.luthieretcompagnie.com\/#\/schema\/logo\/image\/\"}}]}<\/script>\n<!-- \/ Yoast SEO plugin. -->","yoast_head_json":{"title":"Accueil - Luthier et Compagnie","robots":{"index":"noindex","follow":"follow","max-snippet":"max-snippet:-1","max-image-preview":"max-image-preview:large","max-video-preview":"max-video-preview:-1"},"og_locale":"fr_FR","og_type":"article","og_title":"Accueil - Luthier et Compagnie","og_description":"St\u00e9phane Taveau : Ma\u00eetre Luthier au Mans un parcours d\u2019excellence N\u00e9 \u00e0 Saumur en 1973, St\u00e9phane Taveau d\u00e9couvre sa passion [&hellip;]","og_url":"https:\/\/site.luthieretcompagnie.com\/","og_site_name":"Luthier et Compagnie","article_modified_time":"2025-05-15T06:35:25+00:00","og_image":[{"url":"https:\/\/site.luthieretcompagnie.com\/wp-content\/uploads\/elementor\/thumbs\/stephane-taveau-r5skad1ys9wbdkuiux6zbxt15rq0bz7aqpyrk7ipv4.jpg","type":"","width":"","height":""}],"twitter_card":"summary_large_image","twitter_misc":{"Dur\u00e9e de lecture estim\u00e9e":"2 minutes"},"schema":{"@context":"https:\/\/schema.org","@graph":[{"@type":"WebPage","@id":"https:\/\/site.luthieretcompagnie.com\/","url":"https:\/\/site.luthieretcompagnie.com\/","name":"Accueil - Luthier et Compagnie","isPartOf":{"@id":"https:\/\/site.luthieretcompagnie.com\/#website"},"primaryImageOfPage":{"@id":"https:\/\/site.luthieretcompagnie.com\/#primaryimage"},"image":{"@id":"https:\/\/site.luthieretcompagnie.com\/#primaryimage"},"thumbnailUrl":"https:\/\/site.luthieretcompagnie.com\/wp-content\/uploads\/elementor\/thumbs\/stephane-taveau-r5skad1ys9wbdkuiux6zbxt15rq0bz7aqpyrk7ipv4.jpg","datePublished":"2025-05-14T08:50:33+00:00","dateModified":"2025-05-15T06:35:25+00:00","breadcrumb":{"@id":"https:\/\/site.luthieretcompagnie.com\/#breadcrumb"},"inLanguage":"fr-FR","potentialAction":[{"@type":"ReadAction","target":["https:\/\/site.luthieretcompagnie.com\/"]}]},{"@type":"ImageObject","inLanguage":"fr-FR","@id":"https:\/\/site.luthieretcompagnie.com\/#primaryimage","url":"https:\/\/site.luthieretcompagnie.com\/wp-content\/uploads\/elementor\/thumbs\/stephane-taveau-r5skad1ys9wbdkuiux6zbxt15rq0bz7aqpyrk7ipv4.jpg","contentUrl":"https:\/\/site.luthieretcompagnie.com\/wp-content\/uploads\/elementor\/thumbs\/stephane-taveau-r5skad1ys9wbdkuiux6zbxt15rq0bz7aqpyrk7ipv4.jpg"},{"@type":"BreadcrumbList","@id":"https:\/\/site.luthieretcompagnie.com\/#breadcrumb","itemListElement":[{"@type":"ListItem","position":1,"name":"Accueil","item":"https:\/\/site.luthieretcompagnie.com\/"},{"@type":"ListItem","position":2,"name":"Accueil"}]},{"@type":"WebSite","@id":"https:\/\/site.luthieretcompagnie.com\/#website","url":"https:\/\/site.luthieretcompagnie.com\/","name":"Luthier et Compagnie","description":"Luthier et compagnie - Le Mans - instruments du quatuor \u00e0 cordes - Arch\u00e8terie","publisher":{"@id":"https:\/\/site.luthieretcompagnie.com\/#organization"},"potentialAction":[{"@type":"SearchAction","target":{"@type":"EntryPoint","urlTemplate":"https:\/\/site.luthieretcompagnie.com\/?s={search_term_string}"},"query-input":{"@type":"PropertyValueSpecification","valueRequired":true,"valueName":"search_term_string"}}],"inLanguage":"fr-FR"},{"@type":"Organization","@id":"https:\/\/site.luthieretcompagnie.com\/#organization","name":"Luthier et Compagnie","url":"https:\/\/site.luthieretcompagnie.com\/","logo":{"@type":"ImageObject","inLanguage":"fr-FR","@id":"https:\/\/site.luthieretcompagnie.com\/#\/schema\/logo\/image\/","url":"https:\/\/site.luthieretcompagnie.com\/wp-content\/uploads\/2025\/05\/logo-luthieretcompagnie.gif","contentUrl":"https:\/\/site.luthieretcompagnie.com\/wp-content\/uploads\/2025\/05\/logo-luthieretcompagnie.gif","width":639,"height":192,"caption":"Luthier et Compagnie"},"image":{"@id":"https:\/\/site.luthieretcompagnie.com\/#\/schema\/logo\/image\/"}}]}},"uagb_featured_image_src":{"full":false,"thumbnail":false,"medium":false,"medium_large":false,"large":false,"1536x1536":false,"2048x2048":false},"uagb_author_info":{"display_name":"admin","author_link":"https:\/\/site.luthieretcompagnie.com\/index.php\/author\/pointcom\/"},"uagb_comment_info":0,"uagb_excerpt":"St\u00e9phane Taveau : Ma\u00eetre Luthier au Mans un parcours d\u2019excellence N\u00e9 \u00e0 Saumur en 1973, St\u00e9phane Taveau d\u00e9couvre sa passion [&hellip;]","_links":{"self":[{"href":"https:\/\/site.luthieretcompagnie.com\/index.php\/wp-json\/wp\/v2\/pages\/26","targetHints":{"allow":["GET"]}}],"collection":[{"href":"https:\/\/site.luthieretcompagnie.com\/index.php\/wp-json\/wp\/v2\/pages"}],"about":[{"href":"https:\/\/site.luthieretcompagnie.com\/index.php\/wp-json\/wp\/v2\/types\/page"}],"author":[{"embeddable":true,"href":"https:\/\/site.luthieretcompagnie.com\/index.php\/wp-json\/wp\/v2\/users\/1"}],"replies":[{"embeddable":true,"href":"https:\/\/site.luthieretcompagnie.com\/index.php\/wp-json\/wp\/v2\/comments?post=26"}],"version-history":[{"count":40,"href":"https:\/\/site.luthieretcompagnie.com\/index.php\/wp-json\/wp\/v2\/pages\/26\/revisions"}],"predecessor-version":[{"id":103,"href":"https:\/\/site.luthieretcompagnie.com\/index.php\/wp-json\/wp\/v2\/pages\/26\/revisions\/103"}],"wp:attachment":[{"href":"https:\/\/site.luthieretcompagnie.com\/index.php\/wp-json\/wp\/v2\/media?parent=26"}],"curies":[{"name":"wp","href":"https:\/\/api.w.org\/{rel}","templated":true}]}}